{"id":80,"date":"2025-02-20T11:21:06","date_gmt":"2025-02-20T10:21:06","guid":{"rendered":"https:\/\/melancholia.fr\/portroyal\/?page_id=80"},"modified":"2025-02-20T11:21:06","modified_gmt":"2025-02-20T10:21:06","slug":"architecture-principes-generaux","status":"publish","type":"page","link":"https:\/\/melancholia.fr\/portroyal\/architecture-principes-generaux\/","title":{"rendered":"Architecture : principes g\u00e9n\u00e9raux"},"content":{"rendered":"<p>C&rsquo;est la sobri\u00e9t\u00e9 et l&rsquo;aust\u00e9rit\u00e9 qui caract\u00e9risent l&rsquo;architecture \u00e0 Port-Royal: les b\u00e2timents figurent le d\u00e9pouillement spirituel pr\u00f4n\u00e9 par les augustiniens. M\u00e8re Ang\u00e9lique, qui \u00ab\u00a0aimait, par l&rsquo;esprit de J\u00e9sus-Christ, tout ce qui est laid\u00a0\u00bb, consentit \u00e0 ce qu&rsquo;une restauration de l&rsquo;\u00e9glise des Champs d\u00e9truis\u00eet tout l&rsquo;\u00e9quilibre des proportions de l&rsquo;\u00e9difice: les chapiteaux des grosses colonnes se retrouvaient presque \u00e0 hauteur de t\u00eate. Peu importait \u00e0 la m\u00e8re abbesse, qui n&rsquo;avait pas de mots assez durs pour fustiger les d\u00e9penses que faisaient les carm\u00e9lites pour embellir leur couvent: elle pr\u00e9f\u00e8re de son c\u00f4t\u00e9 que l&rsquo;argent aille aux pauvres plut\u00f4t qu&rsquo;\u00e0 d&rsquo;inutiles embellissements.<\/p>\n<p>De m\u00eame, lorsqu&rsquo;elle fit construire la maison de Paris, elle veilla elle-m\u00eame \u00e0 simplifier les plans propos\u00e9s par l&rsquo;architecte Le Paultre, qui lui paraissaient trop orn\u00e9s. C&rsquo;est ainsi que, sur les gravures pr\u00e9paratoires qui nous sont rest\u00e9es, nous trouvons, au centre de la coupole, un cadre ovale o\u00f9 devait \u00eatre repr\u00e9sent\u00e9e une colombe sortant des nues: pour des raisons financi\u00e8res sans doute, mais aussi par fid\u00e9lit\u00e9 \u00e0 l&rsquo;esprit de pauvret\u00e9 et de retenue qui \u00e9tait celui de ce monast\u00e8re cistercien, M\u00e8re Ang\u00e9lique retrancha cette d\u00e9coration.<\/p>\n\n","protected":false},"excerpt":{"rendered":"<p>C&rsquo;est la sobri\u00e9t\u00e9 et l&rsquo;aust\u00e9rit\u00e9 qui caract\u00e9risent l&rsquo;architecture \u00e0 Port-Royal: les b\u00e2timents figurent le d\u00e9pouillement spirituel pr\u00f4n\u00e9 par les augustiniens. M\u00e8re Ang\u00e9lique, qui \u00ab\u00a0aimait, par l&rsquo;esprit de J\u00e9sus-Christ, tout ce qui est laid\u00a0\u00bb, consentit \u00e0 ce qu&rsquo;une restauration de l&rsquo;\u00e9glise des Champs d\u00e9truis\u00eet tout l&rsquo;\u00e9quilibre des proportions de l&rsquo;\u00e9difice: les chapiteaux des grosses colonnes se &hellip; <a href=\"https:\/\/melancholia.fr\/portroyal\/architecture-principes-generaux\/\" class=\"more-link\">Continuer la lecture de <span class=\"screen-reader-text\">Architecture : principes g\u00e9n\u00e9raux<\/span>  <span class=\"meta-nav\">&rarr;<\/span><\/a><\/p>\n","protected":false},"author":1,"featured_media":0,"parent":0,"menu_order":0,"comment_status":"closed","ping_status":"closed","template":"","meta":{"footnotes":""},"class_list":["post-80","page","type-page","status-publish","hentry"],"_links":{"self":[{"href":"https:\/\/melancholia.fr\/portroyal\/wp-json\/wp\/v2\/pages\/80","targetHints":{"allow":["GET"]}}],"collection":[{"href":"https:\/\/melancholia.fr\/portroyal\/wp-json\/wp\/v2\/pages"}],"about":[{"href":"https:\/\/melancholia.fr\/portroyal\/wp-json\/wp\/v2\/types\/page"}],"author":[{"embeddable":true,"href":"https:\/\/melancholia.fr\/portroyal\/wp-json\/wp\/v2\/users\/1"}],"replies":[{"embeddable":true,"href":"https:\/\/melancholia.fr\/portroyal\/wp-json\/wp\/v2\/comments?post=80"}],"version-history":[{"count":1,"href":"https:\/\/melancholia.fr\/portroyal\/wp-json\/wp\/v2\/pages\/80\/revisions"}],"predecessor-version":[{"id":81,"href":"https:\/\/melancholia.fr\/portroyal\/wp-json\/wp\/v2\/pages\/80\/revisions\/81"}],"wp:attachment":[{"href":"https:\/\/melancholia.fr\/portroyal\/wp-json\/wp\/v2\/media?parent=80"}],"curies":[{"name":"wp","href":"https:\/\/api.w.org\/{rel}","templated":true}]}}