{"id":74,"date":"2025-02-20T11:18:28","date_gmt":"2025-02-20T10:18:28","guid":{"rendered":"https:\/\/melancholia.fr\/portroyal\/?page_id=74"},"modified":"2025-02-20T11:18:28","modified_gmt":"2025-02-20T10:18:28","slug":"plan-dacces-a-port-royal-des-champs","status":"publish","type":"page","link":"https:\/\/melancholia.fr\/portroyal\/plan-dacces-a-port-royal-des-champs\/","title":{"rendered":"Plan d&rsquo;acc\u00e8s \u00e0 Port-Royal des Champs"},"content":{"rendered":"<p>Port-Royal des Champs est facilement accessible, soit par la route, soit par le train.<\/p>\n<ul>\n<li>Par le RER, deux acc\u00e8s possibles:<\/li>\n<\/ul>\n<ol>\n<li>Ligne C, arr\u00eat Saint-Quentin-en-Yvelines<\/li>\n<li>Ligne B, Saint-R\u00e9my-les-Chevreuse<\/li>\n<\/ol>\n<p>Puis: Car SAVAC (t\u00e9l.: 01 30 52 45 00) jusqu&rsquo;aux Granges de Port-Royal, ou autobus 464 arr\u00eat \u00ab\u00a0Buloyer\u00a0\u00bb.<br \/>\nNavette le dimanche.<\/p>\n<ul>\n<li>Par la route:<\/li>\n<\/ul>\n<ol>\n<li>A partir de Paris, autoroute A 13 en direction de Chartres-Rambouillet, sortir \u00e0 Saint-Quentin-en-Yvelines et prendre la direction de Voisins-le-Bretonneux. Port-Royal est \u00e0 2km au sud de Voisins.<\/li>\n<li>A partir de Versailles, on y acc\u00e8de par la d\u00e9partementale 91.<\/li>\n<\/ol>\n\n","protected":false},"excerpt":{"rendered":"<p>Port-Royal des Champs est facilement accessible, soit par la route, soit par le train. Par le RER, deux acc\u00e8s possibles: Ligne C, arr\u00eat Saint-Quentin-en-Yvelines Ligne B, Saint-R\u00e9my-les-Chevreuse Puis: Car SAVAC (t\u00e9l.: 01 30 52 45 00) jusqu&rsquo;aux Granges de Port-Royal, ou autobus 464 arr\u00eat \u00ab\u00a0Buloyer\u00a0\u00bb. Navette le dimanche. Par la route: A partir de Paris, &hellip; <a href=\"https:\/\/melancholia.fr\/portroyal\/plan-dacces-a-port-royal-des-champs\/\" class=\"more-link\">Continuer la lecture de <span class=\"screen-reader-text\">Plan d&rsquo;acc\u00e8s \u00e0 Port-Royal des Champs<\/span>  <span class=\"meta-nav\">&rarr;<\/span><\/a><\/p>\n","protected":false},"author":1,"featured_media":0,"parent":0,"menu_order":0,"comment_status":"closed","ping_status":"closed","template":"","meta":{"footnotes":""},"class_list":["post-74","page","type-page","status-publish","hentry"],"_links":{"self":[{"href":"https:\/\/melancholia.fr\/portroyal\/wp-json\/wp\/v2\/pages\/74","targetHints":{"allow":["GET"]}}],"collection":[{"href":"https:\/\/melancholia.fr\/portroyal\/wp-json\/wp\/v2\/pages"}],"about":[{"href":"https:\/\/melancholia.fr\/portroyal\/wp-json\/wp\/v2\/types\/page"}],"author":[{"embeddable":true,"href":"https:\/\/melancholia.fr\/portroyal\/wp-json\/wp\/v2\/users\/1"}],"replies":[{"embeddable":true,"href":"https:\/\/melancholia.fr\/portroyal\/wp-json\/wp\/v2\/comments?post=74"}],"version-history":[{"count":1,"href":"https:\/\/melancholia.fr\/portroyal\/wp-json\/wp\/v2\/pages\/74\/revisions"}],"predecessor-version":[{"id":75,"href":"https:\/\/melancholia.fr\/portroyal\/wp-json\/wp\/v2\/pages\/74\/revisions\/75"}],"wp:attachment":[{"href":"https:\/\/melancholia.fr\/portroyal\/wp-json\/wp\/v2\/media?parent=74"}],"curies":[{"name":"wp","href":"https:\/\/api.w.org\/{rel}","templated":true}]}}