{"id":66,"date":"2025-02-20T11:15:22","date_gmt":"2025-02-20T10:15:22","guid":{"rendered":"https:\/\/melancholia.fr\/portroyal\/?page_id=66"},"modified":"2025-02-20T11:15:22","modified_gmt":"2025-02-20T10:15:22","slug":"madeleine-penitente","status":"publish","type":"page","link":"https:\/\/melancholia.fr\/portroyal\/madeleine-penitente\/","title":{"rendered":"Madeleine P\u00e9nitente"},"content":{"rendered":"<p>Cette <em>Madeleine p\u00e9nitente<\/em> (mus\u00e9e de Rennes) participe de la m\u00eame esth\u00e9tique du refus de trop accorder au sensible: les mains ramen\u00e9es sur la poitrine, les yeux tourn\u00e9s vers le ciel, le corps marqu\u00e9 par l&rsquo;asc\u00e9tisme et le je\u00fbne, Marie-Madeleine a perdu les s\u00e9ductions charnelles qu&rsquo;exer\u00e7aient encore souvent les Madeleines \u00ab\u00a0baroques\u00a0\u00bb. Le d\u00e9cor \u00e9touffant, le petit nombre d&rsquo;objets &#8212; dont le cr\u00e2ne au premier plan, symbolisant la m\u00e9ditation sur la mort &#8212; ainsi que l&#8217;emploi des couleurs froides, contribuent aussi \u00e0 rendre sensible l&rsquo;aust\u00e9rit\u00e9 pieuse de la vie de Marie-Madeleine au d\u00e9sert.<\/p>\n\n","protected":false},"excerpt":{"rendered":"<p>Cette Madeleine p\u00e9nitente (mus\u00e9e de Rennes) participe de la m\u00eame esth\u00e9tique du refus de trop accorder au sensible: les mains ramen\u00e9es sur la poitrine, les yeux tourn\u00e9s vers le ciel, le corps marqu\u00e9 par l&rsquo;asc\u00e9tisme et le je\u00fbne, Marie-Madeleine a perdu les s\u00e9ductions charnelles qu&rsquo;exer\u00e7aient encore souvent les Madeleines \u00ab\u00a0baroques\u00a0\u00bb. Le d\u00e9cor \u00e9touffant, le petit &hellip; <a href=\"https:\/\/melancholia.fr\/portroyal\/madeleine-penitente\/\" class=\"more-link\">Continuer la lecture de <span class=\"screen-reader-text\">Madeleine P\u00e9nitente<\/span>  <span class=\"meta-nav\">&rarr;<\/span><\/a><\/p>\n","protected":false},"author":1,"featured_media":0,"parent":0,"menu_order":0,"comment_status":"closed","ping_status":"closed","template":"","meta":{"footnotes":""},"class_list":["post-66","page","type-page","status-publish","hentry"],"_links":{"self":[{"href":"https:\/\/melancholia.fr\/portroyal\/wp-json\/wp\/v2\/pages\/66","targetHints":{"allow":["GET"]}}],"collection":[{"href":"https:\/\/melancholia.fr\/portroyal\/wp-json\/wp\/v2\/pages"}],"about":[{"href":"https:\/\/melancholia.fr\/portroyal\/wp-json\/wp\/v2\/types\/page"}],"author":[{"embeddable":true,"href":"https:\/\/melancholia.fr\/portroyal\/wp-json\/wp\/v2\/users\/1"}],"replies":[{"embeddable":true,"href":"https:\/\/melancholia.fr\/portroyal\/wp-json\/wp\/v2\/comments?post=66"}],"version-history":[{"count":1,"href":"https:\/\/melancholia.fr\/portroyal\/wp-json\/wp\/v2\/pages\/66\/revisions"}],"predecessor-version":[{"id":67,"href":"https:\/\/melancholia.fr\/portroyal\/wp-json\/wp\/v2\/pages\/66\/revisions\/67"}],"wp:attachment":[{"href":"https:\/\/melancholia.fr\/portroyal\/wp-json\/wp\/v2\/media?parent=66"}],"curies":[{"name":"wp","href":"https:\/\/api.w.org\/{rel}","templated":true}]}}