{"id":50,"date":"2025-02-19T19:40:39","date_gmt":"2025-02-19T18:40:39","guid":{"rendered":"https:\/\/melancholia.fr\/portroyal\/?page_id=50"},"modified":"2025-02-19T19:40:39","modified_gmt":"2025-02-19T18:40:39","slug":"le-genie-dun-lieu","status":"publish","type":"page","link":"https:\/\/melancholia.fr\/portroyal\/le-genie-dun-lieu\/","title":{"rendered":"Le g\u00e9nie d&rsquo;un lieu"},"content":{"rendered":"<blockquote><p>L&rsquo;\u00e9tang<\/p>\n<p>Saintes demeures du silence,<br \/>\nLieux pleins de charmes et d&rsquo;attraits,<br \/>\nPar o\u00f9, dans le sein de la paix,<br \/>\nR\u00e8gne la gr\u00e2ce et l&rsquo;innocence&#8230;<\/p>\n<p>(Jean Racine, <em>Le Paysage de Port-Royal<\/em>,<br \/>\n1656, \u00ab\u00a0Ode premi\u00e8re\u00a0\u00bb)<\/p><\/blockquote>\n<h2>Un lieu o\u00f9 souffle l&rsquo;Esprit&#8230;<\/h2>\n<p>Tout proche de Paris, Port-Royal, si \u00e9loquemment c\u00e9l\u00e9br\u00e9 par Racine lorsqu&rsquo;il y fut \u00e9l\u00e8ve, est un des plus beaux sites d&rsquo;\u00cele-de-France, un lieu o\u00f9 souffle l&rsquo;esprit, un lieu de paix, de solitude et de silence, un lieu o\u00f9 s&rsquo;instruire, r\u00eaver et m\u00e9diter. Lieu de r\u00e9flexion et de r\u00eaverie, le domaine des Granges est entour\u00e9 d&rsquo;un tr\u00e8s beau parc de 10 ha, \u00e0 l&rsquo;or\u00e9e de la Vall\u00e9e de Chevreuse. Il domine les ruines de l&rsquo;abbaye de Port-Royal, ras\u00e9e sur l&rsquo;ordre de Louis XIV en 1711. Mais le site demeure charg\u00e9 d&rsquo;histoire, en particulier gr\u00e2ce au Mus\u00e9e National des Granges de Port-Royal.<\/p>\n<p>Le lieu bruit encore du fracas de l&rsquo;histoire, des invectives d&rsquo;Arnauld, du cr\u00e9pitement de l&rsquo;incendie qui d\u00e9vora tout, tout sauf le souvenir de ce que fut ce lieu, de ce qu&rsquo;ont \u00e9t\u00e9 l&rsquo;abbaye, les Granges, les \u00c9coles. L&rsquo;esprit de Port-Royal, ce n&rsquo;est en rien l&rsquo;aust\u00e9rit\u00e9 froide ou la d\u00e9ploration asc\u00e9tique: c&rsquo;est plut\u00f4t le souci des pauvres, le refus du clinquant et du faux brillant, le go\u00fbt des valeurs solides, et la passion de la v\u00e9rit\u00e9, f\u00fbt-elle d\u00e9sagr\u00e9able \u00e0 entendre ou difficile \u00e0 atteindre.<\/p>\n<p>Port-Royal ne fut pas seulement le foyer d&rsquo;une intense r\u00e9flexion th\u00e9ologique: sa m\u00e9moire d\u00e9borde de toutes parts les controverses sur le jans\u00e9nisme. La puret\u00e9 de la r\u00e9sistance \u00e0 la tyrannie, l&rsquo;affirmation des droits de l&rsquo;intelligence et de la conscience ont contribu\u00e9 \u00e0 la naissance d&rsquo;un lumineux mythe de Port-Royal. Ce mythe est aussi, sinon avant tout, litt\u00e9raire, et \u00e0 plus d&rsquo;un titre.<\/p>\n<p>D&rsquo;abord parce que l&rsquo;abbaye et ses alentours ont abrit\u00e9 des \u00e9crivains, des traducteurs et des hommes d&rsquo;esprit. Le monast\u00e8re des Champs a abrit\u00e9 une intense activit\u00e9 de d\u00e9fense et illustration de la foi catholique: \u0153uvres th\u00e9ologiques, biographiques, grandes traductions qui firent date, comme par exemple celle de la Bible. Parmi ces intellectuels, les plus marquants, dont les \u0153uvres restent pour nous majeures, sont Pascal et Racine, qui, sans Port-Royal, n&rsquo;auraient pu \u00eatre ce qu&rsquo;ils sont devenus.<\/p>\n<p>Mais aussi parce que la m\u00e9moire de Port-Royal a \u00e9t\u00e9 illustr\u00e9e et c\u00e9l\u00e9br\u00e9e par de grands esprits qui, influenc\u00e9s par la l\u00e9gende, contribu\u00e8rent \u00e0 leur tour \u00e0 la d\u00e9velopper. Stendhal, Sainte-Beuve ou Montherlant ont \u00e9t\u00e9 les relais, les passeurs qui rendent si vivante aujourd&rsquo;hui encore la m\u00e9moire de Port-Royal.<\/p>\n<div id='gallery-1' class='gallery galleryid-50 gallery-columns-3 gallery-size-thumbnail'><figure class='gallery-item'>\n\t\t\t<div class='gallery-icon landscape'>\n\t\t\t\t<a href='https:\/\/melancholia.fr\/portroyal\/wp-content\/uploads\/2025\/02\/cropped-champaigne_exvoto.jpg'><img loading=\"lazy\" decoding=\"async\" width=\"150\" height=\"150\" src=\"https:\/\/melancholia.fr\/portroyal\/wp-content\/uploads\/2025\/02\/cropped-champaigne_exvoto-150x150.jpg\" class=\"attachment-thumbnail size-thumbnail\" alt=\"\" \/><\/a>\n\t\t\t<\/div><\/figure><figure class='gallery-item'>\n\t\t\t<div class='gallery-icon landscape'>\n\t\t\t\t<a href='https:\/\/melancholia.fr\/portroyal\/wp-content\/uploads\/2025\/02\/champaigne_exvoto.jpg'><img loading=\"lazy\" decoding=\"async\" width=\"150\" height=\"150\" src=\"https:\/\/melancholia.fr\/portroyal\/wp-content\/uploads\/2025\/02\/champaigne_exvoto-150x150.jpg\" class=\"attachment-thumbnail size-thumbnail\" alt=\"\" \/><\/a>\n\t\t\t<\/div><\/figure><figure class='gallery-item'>\n\t\t\t<div class='gallery-icon landscape'>\n\t\t\t\t<a href='https:\/\/melancholia.fr\/portroyal\/wp-content\/uploads\/2025\/02\/cropped-champaigne_vanite-2-1.jpg'><img loading=\"lazy\" decoding=\"async\" width=\"150\" height=\"150\" src=\"https:\/\/melancholia.fr\/portroyal\/wp-content\/uploads\/2025\/02\/cropped-champaigne_vanite-2-1-150x150.jpg\" class=\"attachment-thumbnail size-thumbnail\" alt=\"\" \/><\/a>\n\t\t\t<\/div><\/figure>\n\t\t<\/div>\n\n","protected":false},"excerpt":{"rendered":"<p>L&rsquo;\u00e9tang Saintes demeures du silence, Lieux pleins de charmes et d&rsquo;attraits, Par o\u00f9, dans le sein de la paix, R\u00e8gne la gr\u00e2ce et l&rsquo;innocence&#8230; (Jean Racine, Le Paysage de Port-Royal, 1656, \u00ab\u00a0Ode premi\u00e8re\u00a0\u00bb) Un lieu o\u00f9 souffle l&rsquo;Esprit&#8230; Tout proche de Paris, Port-Royal, si \u00e9loquemment c\u00e9l\u00e9br\u00e9 par Racine lorsqu&rsquo;il y fut \u00e9l\u00e8ve, est un des &hellip; <a href=\"https:\/\/melancholia.fr\/portroyal\/le-genie-dun-lieu\/\" class=\"more-link\">Continuer la lecture de <span class=\"screen-reader-text\">Le g\u00e9nie d&rsquo;un lieu<\/span>  <span class=\"meta-nav\">&rarr;<\/span><\/a><\/p>\n","protected":false},"author":1,"featured_media":0,"parent":0,"menu_order":0,"comment_status":"closed","ping_status":"closed","template":"","meta":{"footnotes":""},"class_list":["post-50","page","type-page","status-publish","hentry"],"_links":{"self":[{"href":"https:\/\/melancholia.fr\/portroyal\/wp-json\/wp\/v2\/pages\/50","targetHints":{"allow":["GET"]}}],"collection":[{"href":"https:\/\/melancholia.fr\/portroyal\/wp-json\/wp\/v2\/pages"}],"about":[{"href":"https:\/\/melancholia.fr\/portroyal\/wp-json\/wp\/v2\/types\/page"}],"author":[{"embeddable":true,"href":"https:\/\/melancholia.fr\/portroyal\/wp-json\/wp\/v2\/users\/1"}],"replies":[{"embeddable":true,"href":"https:\/\/melancholia.fr\/portroyal\/wp-json\/wp\/v2\/comments?post=50"}],"version-history":[{"count":1,"href":"https:\/\/melancholia.fr\/portroyal\/wp-json\/wp\/v2\/pages\/50\/revisions"}],"predecessor-version":[{"id":51,"href":"https:\/\/melancholia.fr\/portroyal\/wp-json\/wp\/v2\/pages\/50\/revisions\/51"}],"wp:attachment":[{"href":"https:\/\/melancholia.fr\/portroyal\/wp-json\/wp\/v2\/media?parent=50"}],"curies":[{"name":"wp","href":"https:\/\/api.w.org\/{rel}","templated":true}]}}