{"id":236,"date":"2025-02-20T19:30:18","date_gmt":"2025-02-20T18:30:18","guid":{"rendered":"https:\/\/melancholia.fr\/portroyal\/?page_id=236"},"modified":"2025-02-20T19:30:18","modified_gmt":"2025-02-20T18:30:18","slug":"augustinisme-et-devotion-a-port-royal-et-ailleurs","status":"publish","type":"page","link":"https:\/\/melancholia.fr\/portroyal\/augustinisme-et-devotion-a-port-royal-et-ailleurs\/","title":{"rendered":"Augustinisme et d\u00e9votion \u00e0 Port-Royal et ailleurs"},"content":{"rendered":"<p style=\"text-align: justify;\">Le CEREdI a soutenu plusieurs manifestations portant sur l&rsquo;\u00e9tude de l&rsquo;augustinisme autour de Port-Royal<\/p>\n<ul>\n<li style=\"text-align: justify;\">Port-Royal et les images, journ\u00e9e d&rsquo;\u00e9tude qui s&rsquo;est tenue en mai 2011 et dont les actes sont publi\u00e9s sur le site Publi-SHS: <a href=\"http:\/\/publis-shs.univ-rouen.fr\/ceredi\/index.php?id=599\">http:\/\/publis-shs.univ-rouen.fr\/ceredi\/index.php?id=599<\/a><\/li>\n<li style=\"text-align: justify;\">Les IVe journ\u00e9es augustiniennes de Carthage (11-13 novembre 2022), publi\u00e9es sous le titre \u00ab\u00a0Augustin d\u2019Hippone. Pont entre les cultures, carrefour entre les mondes. Regards crois\u00e9s en zone francophone et au-del\u00e0\u00a0\u00bb sur le site Publi-SHS: <a href=\"http:\/\/publis-shs.univ-rouen.fr\/ceredi\/index.php?id=1594\">http:\/\/publis-shs.univ-rouen.fr\/ceredi\/index.php?id=1594<\/a><\/li>\n<li style=\"text-align: justify;\">La demi-journ\u00e9e d&rsquo;\u00e9tude intitul\u00e9e \u00ab\u00a0Dieu ou le monde. Regards crois\u00e9s sur les moralistes classiques. Conf\u00e9rences propos\u00e9es par le C\u00c9R\u00c9dI et l&rsquo;<em>Universit\u00e9<\/em> de toutes les Cultures\u00a0\u00bb (7 d\u00e9cembre 2023)<\/li>\n<li style=\"text-align: justify;\">Une journ\u00e9e \u00ab\u00a0D\u00e9votion et R\u00e9formes. Relectures et r\u00e9\u00e9critures spirituelles f\u00e9minines (XV<sup>e<\/sup>-XVII<sup>e<\/sup> si\u00e8cles)\u00a0\u00bb, qui portera entre autres sur Port-Royal, est actuellement en pr\u00e9paration (10 octobre 2025)<\/li>\n<\/ul>\n","protected":false},"excerpt":{"rendered":"<p>Le CEREdI a soutenu plusieurs manifestations portant sur l&rsquo;\u00e9tude de l&rsquo;augustinisme autour de Port-Royal Port-Royal et les images, journ\u00e9e d&rsquo;\u00e9tude qui s&rsquo;est tenue en mai 2011 et dont les actes sont publi\u00e9s sur le site Publi-SHS: http:\/\/publis-shs.univ-rouen.fr\/ceredi\/index.php?id=599 Les IVe journ\u00e9es augustiniennes de Carthage (11-13 novembre 2022), publi\u00e9es sous le titre \u00ab\u00a0Augustin d\u2019Hippone. Pont entre les &hellip; <a href=\"https:\/\/melancholia.fr\/portroyal\/augustinisme-et-devotion-a-port-royal-et-ailleurs\/\" class=\"more-link\">Continuer la lecture de <span class=\"screen-reader-text\">Augustinisme et d\u00e9votion \u00e0 Port-Royal et ailleurs<\/span>  <span class=\"meta-nav\">&rarr;<\/span><\/a><\/p>\n","protected":false},"author":1,"featured_media":0,"parent":0,"menu_order":0,"comment_status":"closed","ping_status":"closed","template":"","meta":{"footnotes":""},"class_list":["post-236","page","type-page","status-publish","hentry"],"_links":{"self":[{"href":"https:\/\/melancholia.fr\/portroyal\/wp-json\/wp\/v2\/pages\/236","targetHints":{"allow":["GET"]}}],"collection":[{"href":"https:\/\/melancholia.fr\/portroyal\/wp-json\/wp\/v2\/pages"}],"about":[{"href":"https:\/\/melancholia.fr\/portroyal\/wp-json\/wp\/v2\/types\/page"}],"author":[{"embeddable":true,"href":"https:\/\/melancholia.fr\/portroyal\/wp-json\/wp\/v2\/users\/1"}],"replies":[{"embeddable":true,"href":"https:\/\/melancholia.fr\/portroyal\/wp-json\/wp\/v2\/comments?post=236"}],"version-history":[{"count":1,"href":"https:\/\/melancholia.fr\/portroyal\/wp-json\/wp\/v2\/pages\/236\/revisions"}],"predecessor-version":[{"id":237,"href":"https:\/\/melancholia.fr\/portroyal\/wp-json\/wp\/v2\/pages\/236\/revisions\/237"}],"wp:attachment":[{"href":"https:\/\/melancholia.fr\/portroyal\/wp-json\/wp\/v2\/media?parent=236"}],"curies":[{"name":"wp","href":"https:\/\/api.w.org\/{rel}","templated":true}]}}