{"id":234,"date":"2025-02-20T19:22:37","date_gmt":"2025-02-20T18:22:37","guid":{"rendered":"https:\/\/melancholia.fr\/portroyal\/?page_id=234"},"modified":"2025-02-20T19:22:37","modified_gmt":"2025-02-20T18:22:37","slug":"le-pascal-de","status":"publish","type":"page","link":"https:\/\/melancholia.fr\/portroyal\/le-pascal-de\/","title":{"rendered":"Le Pascal de&#8230;"},"content":{"rendered":"<p style=\"text-align: justify;\">Poursuivant un cycle d&rsquo;\u00e9tudes portant sur la r\u00e9ception d&rsquo;auteurs classiques ou de moments historiques du XVIIe si\u00e8cle aux p\u00e9riodes ult\u00e9rieures (\u00ab Le Corneille des Romantiques \u00bb, \u00ab La Guerre civile anglaise des Romantiques \u00bb), le CEREdI s&rsquo;est engag\u00e9 dans un programme d&rsquo;\u00e9tudes portant sur l&rsquo;\u00e9volution des visages de Pascal \u00e0 travers les si\u00e8cles. Apr\u00e8s un colloque intitul\u00e9 \u00ab Le Pascal des Romantiques \u00bb, qui s&rsquo;est tenu \u00e0 Rouen en d\u00e9cembre 2023 et est actuellement en cours de publication, une manifestation intitul\u00e9e \u00ab Le Pascal des Lumi\u00e8res \u00bb est en cours de pr\u00e9paration et se tiendra en juillet 2026, \u00e9galement \u00e0 Rouen. <i><\/i><\/p>\n","protected":false},"excerpt":{"rendered":"<p>Poursuivant un cycle d&rsquo;\u00e9tudes portant sur la r\u00e9ception d&rsquo;auteurs classiques ou de moments historiques du XVIIe si\u00e8cle aux p\u00e9riodes ult\u00e9rieures (\u00ab Le Corneille des Romantiques \u00bb, \u00ab La Guerre civile anglaise des Romantiques \u00bb), le CEREdI s&rsquo;est engag\u00e9 dans un programme d&rsquo;\u00e9tudes portant sur l&rsquo;\u00e9volution des visages de Pascal \u00e0 travers les si\u00e8cles. Apr\u00e8s un &hellip; <a href=\"https:\/\/melancholia.fr\/portroyal\/le-pascal-de\/\" class=\"more-link\">Continuer la lecture de <span class=\"screen-reader-text\">Le Pascal de&#8230;<\/span>  <span class=\"meta-nav\">&rarr;<\/span><\/a><\/p>\n","protected":false},"author":1,"featured_media":0,"parent":0,"menu_order":0,"comment_status":"closed","ping_status":"closed","template":"","meta":{"footnotes":""},"class_list":["post-234","page","type-page","status-publish","hentry"],"_links":{"self":[{"href":"https:\/\/melancholia.fr\/portroyal\/wp-json\/wp\/v2\/pages\/234","targetHints":{"allow":["GET"]}}],"collection":[{"href":"https:\/\/melancholia.fr\/portroyal\/wp-json\/wp\/v2\/pages"}],"about":[{"href":"https:\/\/melancholia.fr\/portroyal\/wp-json\/wp\/v2\/types\/page"}],"author":[{"embeddable":true,"href":"https:\/\/melancholia.fr\/portroyal\/wp-json\/wp\/v2\/users\/1"}],"replies":[{"embeddable":true,"href":"https:\/\/melancholia.fr\/portroyal\/wp-json\/wp\/v2\/comments?post=234"}],"version-history":[{"count":1,"href":"https:\/\/melancholia.fr\/portroyal\/wp-json\/wp\/v2\/pages\/234\/revisions"}],"predecessor-version":[{"id":235,"href":"https:\/\/melancholia.fr\/portroyal\/wp-json\/wp\/v2\/pages\/234\/revisions\/235"}],"wp:attachment":[{"href":"https:\/\/melancholia.fr\/portroyal\/wp-json\/wp\/v2\/media?parent=234"}],"curies":[{"name":"wp","href":"https:\/\/api.w.org\/{rel}","templated":true}]}}