{"id":227,"date":"2025-02-20T19:09:25","date_gmt":"2025-02-20T18:09:25","guid":{"rendered":"https:\/\/melancholia.fr\/portroyal\/?page_id=227"},"modified":"2025-02-20T20:06:50","modified_gmt":"2025-02-20T19:06:50","slug":"les-anniversaires-raciniens","status":"publish","type":"page","link":"https:\/\/melancholia.fr\/portroyal\/les-anniversaires-raciniens\/","title":{"rendered":"Les anniversaires raciniens"},"content":{"rendered":"<p style=\"text-align: justify;\">Ce programme a \u00e9t\u00e9 lanc\u00e9 \u00e0 l\u2019occasion des 350 ans de <em>B\u00e9r\u00e9nice, <\/em>dans le cadre d\u2019une dynamique destin\u00e9e \u00e0 favoriser les \u00e9tudes portant sur le th\u00e9\u00e2tre de Jean Racine et de ses contemporains. Le colloque \u00ab B\u00e9r\u00e9nice 350 ans apr\u00e8s \u00bb fut la manifestation inaugurale de ce programme (19-20 novembre 2020). D\u2019autres \u00e9v\u00e9nements r\u00e9guliers ont eu lieu ou sont pr\u00e9vus jusqu\u2019en 2027<\/p>\n<ul>\n<li style=\"text-align: justify;\">23 au 25 novembre 2022, <em>Bajazet<\/em>\u00a0et\u00a0<em>Mithridate;<\/em><\/li>\n<li style=\"text-align: justify;\">3 juin 2023, Port-Royal et le th\u00e9\u00e2tre, journ\u00e9e organis\u00e9e \u00e0 Port-Royal des Champs<\/li>\n<li style=\"text-align: justify;\">21-22 novembre 2024, <em>Iphig\u00e9nie<\/em>.<\/li>\n<li>20-21 novembre 2025: Racine et les actrices<\/li>\n<li>Novembre 2026: Racine et Shakespeare<\/li>\n<li>Novembre 2027: Ph\u00e8dre<\/li>\n<\/ul>\n<p><strong>Carnet de recherche d\u00e9di\u00e9:<\/strong> <a href=\"https:\/\/annivracine.hypotheses.org\/\">https:\/\/annivracine.hypotheses.org\/<\/a><\/p>\n<p><strong>Equipe d\u2019organisation<\/strong>: Caroline Labrune, Servane L\u2019Hopital, Victoire Malenfer, Tony Gheeraert<\/p>\n<p style=\"text-align: justify;\"><strong>Institutions partenaires<\/strong>: <a href=\"https:\/\/ceredi.hypotheses.org\/\">laboratoire CEREdI<\/a> (universit\u00e9 de Rouen Normandie), <a href=\"http:\/\/amisdeportroyal.org\">Soci\u00e9t\u00e9 des Amis de Port-Royal<\/a> (jusqu&rsquo;en d\u00e9cembre 2024), <a href=\"http:\/\/jeanracine.org\/cijr\/\">Centre international Jean Racine<\/a><\/p>\n<p style=\"text-align: justify;\"><strong>Contact<\/strong>: <a href=\"mailto:anniversaires_raciniens@googlegroups.com\">anniversaires_raciniens@googlegroups.com<\/a><\/p>\n","protected":false},"excerpt":{"rendered":"<p>Ce programme a \u00e9t\u00e9 lanc\u00e9 \u00e0 l\u2019occasion des 350 ans de B\u00e9r\u00e9nice, dans le cadre d\u2019une dynamique destin\u00e9e \u00e0 favoriser les \u00e9tudes portant sur le th\u00e9\u00e2tre de Jean Racine et de ses contemporains. Le colloque \u00ab B\u00e9r\u00e9nice 350 ans apr\u00e8s \u00bb fut la manifestation inaugurale de ce programme (19-20 novembre 2020). D\u2019autres \u00e9v\u00e9nements r\u00e9guliers ont &hellip; <a href=\"https:\/\/melancholia.fr\/portroyal\/les-anniversaires-raciniens\/\" class=\"more-link\">Continuer la lecture de <span class=\"screen-reader-text\">Les anniversaires raciniens<\/span>  <span class=\"meta-nav\">&rarr;<\/span><\/a><\/p>\n","protected":false},"author":1,"featured_media":0,"parent":0,"menu_order":0,"comment_status":"closed","ping_status":"closed","template":"","meta":{"footnotes":""},"class_list":["post-227","page","type-page","status-publish","hentry"],"_links":{"self":[{"href":"https:\/\/melancholia.fr\/portroyal\/wp-json\/wp\/v2\/pages\/227","targetHints":{"allow":["GET"]}}],"collection":[{"href":"https:\/\/melancholia.fr\/portroyal\/wp-json\/wp\/v2\/pages"}],"about":[{"href":"https:\/\/melancholia.fr\/portroyal\/wp-json\/wp\/v2\/types\/page"}],"author":[{"embeddable":true,"href":"https:\/\/melancholia.fr\/portroyal\/wp-json\/wp\/v2\/users\/1"}],"replies":[{"embeddable":true,"href":"https:\/\/melancholia.fr\/portroyal\/wp-json\/wp\/v2\/comments?post=227"}],"version-history":[{"count":3,"href":"https:\/\/melancholia.fr\/portroyal\/wp-json\/wp\/v2\/pages\/227\/revisions"}],"predecessor-version":[{"id":248,"href":"https:\/\/melancholia.fr\/portroyal\/wp-json\/wp\/v2\/pages\/227\/revisions\/248"}],"wp:attachment":[{"href":"https:\/\/melancholia.fr\/portroyal\/wp-json\/wp\/v2\/media?parent=227"}],"curies":[{"name":"wp","href":"https:\/\/api.w.org\/{rel}","templated":true}]}}