{"id":221,"date":"2025-02-20T19:03:53","date_gmt":"2025-02-20T18:03:53","guid":{"rendered":"https:\/\/melancholia.fr\/portroyal\/?page_id=221"},"modified":"2025-02-20T19:05:24","modified_gmt":"2025-02-20T18:05:24","slug":"port-royal-au-ceredi","status":"publish","type":"page","link":"https:\/\/melancholia.fr\/portroyal\/port-royal-au-ceredi\/","title":{"rendered":"Port-Royal au CEREdI"},"content":{"rendered":"<p style=\"text-align: justify;\">Si Port-Royal ne constitue pas un axe th\u00e9matique en tant que tel au sein du CEREdI (Centre de recherche Editer-Interpr\u00e9ter &#8211; Universit\u00e9 de Rouen Normandie, UR 3229), plusieurs programmes de recherche financ\u00e9s par le laboratoire lui accordent une place essentielle, de sorte que le CEREdI constitue l&rsquo;un des centres les plus actifs sur l&rsquo;\u00e9tude de Port-Royal dans ses aspects litt\u00e9raires, philosophiques et artistiques. En particulier, le laboratoire soutient des \u00e9v\u00e9n\u00e9ments et publications consacr\u00e9es aux ph\u00e9nom\u00e8nes de r\u00e9ception concernant les deux figures majeures du monast\u00e8re, Pascal et Racine. Il soutient \u00e9galement des travaux portant sur la d\u00e9votion \u00e0 l&rsquo;\u00e2ge classique.<\/p>\n","protected":false},"excerpt":{"rendered":"<p>Si Port-Royal ne constitue pas un axe th\u00e9matique en tant que tel au sein du CEREdI (Centre de recherche Editer-Interpr\u00e9ter &#8211; Universit\u00e9 de Rouen Normandie, UR 3229), plusieurs programmes de recherche financ\u00e9s par le laboratoire lui accordent une place essentielle, de sorte que le CEREdI constitue l&rsquo;un des centres les plus actifs sur l&rsquo;\u00e9tude de &hellip; <a href=\"https:\/\/melancholia.fr\/portroyal\/port-royal-au-ceredi\/\" class=\"more-link\">Continuer la lecture de <span class=\"screen-reader-text\">Port-Royal au CEREdI<\/span>  <span class=\"meta-nav\">&rarr;<\/span><\/a><\/p>\n","protected":false},"author":1,"featured_media":0,"parent":0,"menu_order":0,"comment_status":"closed","ping_status":"closed","template":"","meta":{"footnotes":""},"class_list":["post-221","page","type-page","status-publish","hentry"],"_links":{"self":[{"href":"https:\/\/melancholia.fr\/portroyal\/wp-json\/wp\/v2\/pages\/221","targetHints":{"allow":["GET"]}}],"collection":[{"href":"https:\/\/melancholia.fr\/portroyal\/wp-json\/wp\/v2\/pages"}],"about":[{"href":"https:\/\/melancholia.fr\/portroyal\/wp-json\/wp\/v2\/types\/page"}],"author":[{"embeddable":true,"href":"https:\/\/melancholia.fr\/portroyal\/wp-json\/wp\/v2\/users\/1"}],"replies":[{"embeddable":true,"href":"https:\/\/melancholia.fr\/portroyal\/wp-json\/wp\/v2\/comments?post=221"}],"version-history":[{"count":4,"href":"https:\/\/melancholia.fr\/portroyal\/wp-json\/wp\/v2\/pages\/221\/revisions"}],"predecessor-version":[{"id":226,"href":"https:\/\/melancholia.fr\/portroyal\/wp-json\/wp\/v2\/pages\/221\/revisions\/226"}],"wp:attachment":[{"href":"https:\/\/melancholia.fr\/portroyal\/wp-json\/wp\/v2\/media?parent=221"}],"curies":[{"name":"wp","href":"https:\/\/api.w.org\/{rel}","templated":true}]}}