{"id":213,"date":"2025-02-20T18:26:15","date_gmt":"2025-02-20T17:26:15","guid":{"rendered":"https:\/\/melancholia.fr\/portroyal\/?page_id=213"},"modified":"2025-02-20T18:32:06","modified_gmt":"2025-02-20T17:32:06","slug":"vanite-et-verite-art-et-litterature","status":"publish","type":"page","link":"https:\/\/melancholia.fr\/portroyal\/vanite-et-verite-art-et-litterature\/","title":{"rendered":"Vanit\u00e9 et v\u00e9rit\u00e9. Art et litt\u00e9rature"},"content":{"rendered":"<p style=\"text-align: justify;\">Port-Royal est une abbaye cistercienne. En vertu des pr\u00e9ceptes qui pr\u00e9valent \u00e0 C\u00eeteaux, mais aussi de la rigueur religieuse et spirituelle qui caract\u00e9rise la r\u00e9forme du monast\u00e8re par la M\u00e8re Ang\u00e9lique, on pourrait s&rsquo;attendre \u00e0 une grande hostilit\u00e9 contre l&rsquo;art et la litt\u00e9rature.<\/p>\n<p style=\"text-align: justify;\">En r\u00e9alit\u00e9, Port-Royal fut un foyer de diffusion de la culture d&rsquo;une importance consid\u00e9rables. Ouvrages p\u00e9dagogiques, trait\u00e9s spirituels, m\u00e9moires, oeuvres po\u00e9tiques m\u00eame, sans oublier une abondante correspondance qu&rsquo;on est \u00e0 peine en train de red\u00e9couvrir, les autrices et auteurs de Port-Royal occupent une place essentielle dans la diffusion d&rsquo;une culture religieuse dont l&rsquo;impace sera capital dans la formation du classicisme et dans le d\u00e9veloppement d&rsquo;une litt\u00e9rature morale illustr\u00e9e par Pascal, La Rochefoucauld et La Bruy\u00e8re. Mais la zone d&rsquo;influence de Port-Royal d\u00e9passe de loin le cercle des proches du monast\u00e8re: on ne peut comprendre un roman comme La Princesse de Cl\u00e8ves en faisant abstraction de l&rsquo;atmosph\u00e8re augustinienne dans laquelle \u00e9voluait Madame de Lafayette.<\/p>\n<p style=\"text-align: justify;\">La peinture m\u00eame, en principe condamn\u00e9e par une th\u00e9ologie qui se d\u00e9fie du sensible et du spectaculaire, ne manqua pas d&rsquo;\u00eatre marqu\u00e9e par l&#8217;empreinte de l&rsquo;esprit de Port-Royal: l&rsquo;un des plus grands peintres de l&rsquo;\u00e9poque, Philippe de Champaigne, dont les deux filles \u00e9taient moniales, montre que la th\u00e9ologie augustinienne unis \u00e0 l&rsquo;art consomm\u00e9 de la peinture ont pu nourrir quelques-uns des plus grands chefs-d\u2019\u0153uvre picturaux compos\u00e9s au XVIIe si\u00e8cle.<\/p>\n<p style=\"text-align: justify;\">C&rsquo;est l&rsquo;exploration des liens paradoxaux mais essentiels entre Port-Royal, les arts et la litt\u00e9rature, \u00e0 quoi sont consacr\u00e9s les billets de la pr\u00e9sente section.<\/p>\n","protected":false},"excerpt":{"rendered":"<p>Port-Royal est une abbaye cistercienne. En vertu des pr\u00e9ceptes qui pr\u00e9valent \u00e0 C\u00eeteaux, mais aussi de la rigueur religieuse et spirituelle qui caract\u00e9rise la r\u00e9forme du monast\u00e8re par la M\u00e8re Ang\u00e9lique, on pourrait s&rsquo;attendre \u00e0 une grande hostilit\u00e9 contre l&rsquo;art et la litt\u00e9rature. En r\u00e9alit\u00e9, Port-Royal fut un foyer de diffusion de la culture d&rsquo;une &hellip; <a href=\"https:\/\/melancholia.fr\/portroyal\/vanite-et-verite-art-et-litterature\/\" class=\"more-link\">Continuer la lecture de <span class=\"screen-reader-text\">Vanit\u00e9 et v\u00e9rit\u00e9. Art et litt\u00e9rature<\/span>  <span class=\"meta-nav\">&rarr;<\/span><\/a><\/p>\n","protected":false},"author":1,"featured_media":0,"parent":0,"menu_order":0,"comment_status":"closed","ping_status":"closed","template":"","meta":{"footnotes":""},"class_list":["post-213","page","type-page","status-publish","hentry"],"_links":{"self":[{"href":"https:\/\/melancholia.fr\/portroyal\/wp-json\/wp\/v2\/pages\/213","targetHints":{"allow":["GET"]}}],"collection":[{"href":"https:\/\/melancholia.fr\/portroyal\/wp-json\/wp\/v2\/pages"}],"about":[{"href":"https:\/\/melancholia.fr\/portroyal\/wp-json\/wp\/v2\/types\/page"}],"author":[{"embeddable":true,"href":"https:\/\/melancholia.fr\/portroyal\/wp-json\/wp\/v2\/users\/1"}],"replies":[{"embeddable":true,"href":"https:\/\/melancholia.fr\/portroyal\/wp-json\/wp\/v2\/comments?post=213"}],"version-history":[{"count":4,"href":"https:\/\/melancholia.fr\/portroyal\/wp-json\/wp\/v2\/pages\/213\/revisions"}],"predecessor-version":[{"id":218,"href":"https:\/\/melancholia.fr\/portroyal\/wp-json\/wp\/v2\/pages\/213\/revisions\/218"}],"wp:attachment":[{"href":"https:\/\/melancholia.fr\/portroyal\/wp-json\/wp\/v2\/media?parent=213"}],"curies":[{"name":"wp","href":"https:\/\/api.w.org\/{rel}","templated":true}]}}