{"id":205,"date":"2025-02-20T16:36:48","date_gmt":"2025-02-20T15:36:48","guid":{"rendered":"https:\/\/melancholia.fr\/portroyal\/?page_id=205"},"modified":"2025-02-20T18:11:43","modified_gmt":"2025-02-20T17:11:43","slug":"la-ville-et-les-champs","status":"publish","type":"page","link":"https:\/\/melancholia.fr\/portroyal\/la-ville-et-les-champs\/","title":{"rendered":"La ville et les champs"},"content":{"rendered":"<p style=\"text-align: justify;\">L&rsquo;histoire de Port-Royal s&rsquo;organise au XVIIe si\u00e8cle autour de deux lieux: \u00ab\u00a0la maison des Champs\u00a0\u00bb, abbaye historique en vall\u00e9e de Chevreuse, ras\u00e9e en 1711 sur ordre de Louis XIV. Et la maison parisienne, au faubourg saint-Jacques, aujourd&rsquo;hui Boulevard de Port-Royal, qui ouvrit ses portes en 1625 et existe toujours: les principaux b\u00e2timents (clo\u00eetre, chapelle, choeur, et salle capitulaire) sont situ\u00e9s \u00e0 l&rsquo;int\u00e9rieur des locaux de l&rsquo;h\u00f4pital Cochin, et toujours visitables (lors des offices ou \u00e0 l&rsquo;occasion des journ\u00e9es du Patrimoine).<\/p>\n<p>L&rsquo;histoire de Port-Royal de Paris et de Port-Royal des Champs se s\u00e9pare \u00e0 partir de 1664, comme on le verra dans les billets ci-dessous.<\/p>\n","protected":false},"excerpt":{"rendered":"<p>L&rsquo;histoire de Port-Royal s&rsquo;organise au XVIIe si\u00e8cle autour de deux lieux: \u00ab\u00a0la maison des Champs\u00a0\u00bb, abbaye historique en vall\u00e9e de Chevreuse, ras\u00e9e en 1711 sur ordre de Louis XIV. Et la maison parisienne, au faubourg saint-Jacques, aujourd&rsquo;hui Boulevard de Port-Royal, qui ouvrit ses portes en 1625 et existe toujours: les principaux b\u00e2timents (clo\u00eetre, chapelle, choeur, &hellip; <a href=\"https:\/\/melancholia.fr\/portroyal\/la-ville-et-les-champs\/\" class=\"more-link\">Continuer la lecture de <span class=\"screen-reader-text\">La ville et les champs<\/span>  <span class=\"meta-nav\">&rarr;<\/span><\/a><\/p>\n","protected":false},"author":1,"featured_media":0,"parent":0,"menu_order":0,"comment_status":"closed","ping_status":"closed","template":"","meta":{"footnotes":""},"class_list":["post-205","page","type-page","status-publish","hentry"],"_links":{"self":[{"href":"https:\/\/melancholia.fr\/portroyal\/wp-json\/wp\/v2\/pages\/205","targetHints":{"allow":["GET"]}}],"collection":[{"href":"https:\/\/melancholia.fr\/portroyal\/wp-json\/wp\/v2\/pages"}],"about":[{"href":"https:\/\/melancholia.fr\/portroyal\/wp-json\/wp\/v2\/types\/page"}],"author":[{"embeddable":true,"href":"https:\/\/melancholia.fr\/portroyal\/wp-json\/wp\/v2\/users\/1"}],"replies":[{"embeddable":true,"href":"https:\/\/melancholia.fr\/portroyal\/wp-json\/wp\/v2\/comments?post=205"}],"version-history":[{"count":3,"href":"https:\/\/melancholia.fr\/portroyal\/wp-json\/wp\/v2\/pages\/205\/revisions"}],"predecessor-version":[{"id":209,"href":"https:\/\/melancholia.fr\/portroyal\/wp-json\/wp\/v2\/pages\/205\/revisions\/209"}],"wp:attachment":[{"href":"https:\/\/melancholia.fr\/portroyal\/wp-json\/wp\/v2\/media?parent=205"}],"curies":[{"name":"wp","href":"https:\/\/api.w.org\/{rel}","templated":true}]}}