{"id":198,"date":"2025-02-20T16:34:53","date_gmt":"2025-02-20T15:34:53","guid":{"rendered":"https:\/\/melancholia.fr\/portroyal\/?page_id=198"},"modified":"2025-02-20T16:35:00","modified_gmt":"2025-02-20T15:35:00","slug":"histoire-foi-et-rebellion","status":"publish","type":"page","link":"https:\/\/melancholia.fr\/portroyal\/histoire-foi-et-rebellion\/","title":{"rendered":"Foi et r\u00e9bellion"},"content":{"rendered":"<p style=\"text-align: justify;\">Comment l&rsquo;abbaye de Port-Royal, monast\u00e8re fervent de foi catholique, et consid\u00e9r\u00e9 par les autorit\u00e9s eccl\u00e9siastiques comme un mod\u00e8le de pi\u00e9t\u00e9 et de spiritualit\u00e9 au d\u00e9but du XVIIe si\u00e8cle, a-t-elle pu appara\u00eetre aux yeux du pouvoir comme un foyer de r\u00e9bellion et d&rsquo;h\u00e9r\u00e9sie? C&rsquo;est l&rsquo;histoire tourment\u00e9e du monast\u00e8re qui se trouve retrac\u00e9e dans ces billets.<\/p>\n","protected":false},"excerpt":{"rendered":"<p>Comment l&rsquo;abbaye de Port-Royal, monast\u00e8re fervent de foi catholique, et consid\u00e9r\u00e9 par les autorit\u00e9s eccl\u00e9siastiques comme un mod\u00e8le de pi\u00e9t\u00e9 et de spiritualit\u00e9 au d\u00e9but du XVIIe si\u00e8cle, a-t-elle pu appara\u00eetre aux yeux du pouvoir comme un foyer de r\u00e9bellion et d&rsquo;h\u00e9r\u00e9sie? C&rsquo;est l&rsquo;histoire tourment\u00e9e du monast\u00e8re qui se trouve retrac\u00e9e dans ces billets.<\/p>\n","protected":false},"author":1,"featured_media":0,"parent":0,"menu_order":0,"comment_status":"closed","ping_status":"closed","template":"","meta":{"footnotes":""},"class_list":["post-198","page","type-page","status-publish","hentry"],"_links":{"self":[{"href":"https:\/\/melancholia.fr\/portroyal\/wp-json\/wp\/v2\/pages\/198","targetHints":{"allow":["GET"]}}],"collection":[{"href":"https:\/\/melancholia.fr\/portroyal\/wp-json\/wp\/v2\/pages"}],"about":[{"href":"https:\/\/melancholia.fr\/portroyal\/wp-json\/wp\/v2\/types\/page"}],"author":[{"embeddable":true,"href":"https:\/\/melancholia.fr\/portroyal\/wp-json\/wp\/v2\/users\/1"}],"replies":[{"embeddable":true,"href":"https:\/\/melancholia.fr\/portroyal\/wp-json\/wp\/v2\/comments?post=198"}],"version-history":[{"count":2,"href":"https:\/\/melancholia.fr\/portroyal\/wp-json\/wp\/v2\/pages\/198\/revisions"}],"predecessor-version":[{"id":201,"href":"https:\/\/melancholia.fr\/portroyal\/wp-json\/wp\/v2\/pages\/198\/revisions\/201"}],"wp:attachment":[{"href":"https:\/\/melancholia.fr\/portroyal\/wp-json\/wp\/v2\/media?parent=198"}],"curies":[{"name":"wp","href":"https:\/\/api.w.org\/{rel}","templated":true}]}}