{"id":124,"date":"2025-02-20T12:32:29","date_gmt":"2025-02-20T11:32:29","guid":{"rendered":"https:\/\/melancholia.fr\/portroyal\/?page_id=124"},"modified":"2025-07-23T16:19:00","modified_gmt":"2025-07-23T14:19:00","slug":"resister-dirent-elles","status":"publish","type":"page","link":"https:\/\/melancholia.fr\/portroyal\/","title":{"rendered":"Port-Royal, l&rsquo;esprit de r\u00e9sistance"},"content":{"rendered":"<p style=\"text-align: justify;\"><strong>Port-Royal, une m\u00e9moire vive<\/strong><\/p>\n<p style=\"text-align: justify;\">Port-Royal n&rsquo;est pas seulement le nom d&rsquo;un abbaye de la Vall\u00e9e de Chevreuse: c\u2019est un symbole. Le monast\u00e8re, ras\u00e9 depuis plus de trois si\u00e8cles, continue de repr\u00e9senter le la dignit\u00e9 dans l&rsquo;adversit\u00e9,\u00a0 la fid\u00e9lit\u00e9 \u00e0 la conscience affirm\u00e9e contre la violence des pers\u00e9cuteurs, le refus obstin\u00e9 de toute compromission lorsque vacille la justice. Depuis le XVIIe si\u00e8cle, Port-Royal incarne une facette essentielle de l\u2019esprit fran\u00e7ais\u202f: celle qui r\u00e9siste, qui pense librement, qui oppose \u00e0 l&rsquo;arbitraire du pouvoir la force tranquille de la v\u00e9rit\u00e9.<\/p>\n<p style=\"text-align: justify;\">Ce n\u2019est pas un hasard si le Mus\u00e9e des Granges, con\u00e7u apr\u00e8s la Seconde Guerre mondiale, fut inaugur\u00e9 par Andr\u00e9 Malraux en 1962. Gaulliste fervent et chantre de l\u2019insurrection de l\u2019esprit, Malraux voyait alors dans la pers\u00e9cution des religieuses de Port-Royal un mythe fondateur de la dissidence moderne. Rejet\u00e9 par les catholiques, le souvenir de Port-Royal fut au contraire revendiqu\u00e9, si\u00e8cle apr\u00e8s si\u00e8cle, par les esprits forts, les rationalistes la\u00efcs, les r\u00e9publicains, les r\u00e9sistants \u2014 de Sainte-Beuve \u00e0 Renan, jusqu\u2019\u00e0 Malraux lui-m\u00eame.<\/p>\n<p style=\"text-align: justify;\">Port-Royal a toujours \u00e9t\u00e9 une r\u00e9f\u00e9rence et un mod\u00e8le pour celles et ceux qui, \u00e0 travers les si\u00e8cles, ont cru devoir s\u2019insurger contre les abus. Pers\u00e9cut\u00e9 par Richelieu, d\u00e9truit de fond en comble par Louis XIV, sali par l\u2019\u00c9glise, r\u00e9duit au silence par les puissants, Port-Royal n\u2019en a pas moins travers\u00e9 le temps, irradiant, par-del\u00e0 sa ruine, une id\u00e9e inalt\u00e9rable de la droiture.<\/p>\n<p style=\"text-align: justify;\"><strong>Un moment essentiel de l&rsquo;histoire des femmes<\/strong><\/p>\n<p style=\"text-align: justify;\">Du XIIe au XVIe si\u00e8cle, Port-Royal n\u2019\u00e9tait pourtant qu\u2019une abbaye f\u00e9minine sans histoire, situ\u00e9e en vall\u00e9e de Chevreuse, pr\u00e8s de Magny-les-Hameaux, aux abords de l&rsquo;actuelle ville nouvelle de Saint-Quentin-en-Yvelines. On peut aujourd&rsquo;hui en visiter les ruines, miraculeusement \u00e9pargn\u00e9es jusqu&rsquo;ici par l&rsquo;urbanisation galopante.<\/p>\n<p style=\"text-align: justify;\">C&rsquo;est au XVIIe si\u00e8cle que Port-Royal devient le centre d\u2019un foyer spirituel et intellectuel d\u2019une influence \u00e9tonnante dans une \u00e9poque pourtant marqu\u00e9e par l\u2019absolutisme royal et la centralisation religieuse. La r\u00e9forme monastique, les controverses th\u00e9ologiques, l\u2019\u00e9ducation des Petites-\u00c9coles, les figures de Pascal, de Racine, des Solitaires, transforment cette abbaye f\u00e9minine retir\u00e9e en haut lieu de la pens\u00e9e, de la foi et de la r\u00e9sistance.<\/p>\n<p style=\"text-align: justify;\">Comment cette paisible abbaye de femmes, nich\u00e9e en \u00cele-de-France, en vint-elle \u00e0 devenir l\u2019un des plus puissants foyers d\u2019opposition au pouvoir de Richelieu, de Mazarin, puis de Louis XIV ? Pourquoi des religieuses catholiques vou\u00e9es au silence, soutenues par quelques amis la\u00efcs, choisirent-elles de tenir t\u00eate \u00e0 l\u2019autorit\u00e9 croissante de Rome et du Pape, jusqu\u2019\u00e0 incarner, par leur combat m\u00eame, un symbole de la libert\u00e9 de conscience ? Comment cette aventure avant tout religieuse put-elle devenir, au fil du temps, une r\u00e9f\u00e9rence fondatrice pour l\u2019\u00e9cole r\u00e9publicaine elle-m\u00eame ?<\/p>\n<p style=\"text-align: justify;\">Retracer l&rsquo;histoire de Port-Royal, c&rsquo;est aussi \u00e9crire une page essentielle de l&rsquo;histoire des femmes en France, aux plans religieux, politiques, mais aussi culturels, litt\u00e9raires et artistiques. Pour ces intellectuelles de premier plan que furent Jacqueline Arnauld, Jacqueline Pascal ou Ang\u00e9lique de Saint-Jean, prendre le voile, c&rsquo;\u00e9tait choisir la libert\u00e9 : celle d&rsquo;\u00e9tudier, d\u2019\u00e9crire, d\u2019enseigner \u2014 mais aussi celle d\u2019affirmer les droits de la conscience contre les puissants.<\/p>\n<p style=\"text-align: justify;\">Mais les femmes qui pensent sont dangereuses. Les pouvoirs civil et eccl\u00e9siastique entreprirent de les soumettre. On les accusa d&rsquo;h\u00e9r\u00e9sie, d&rsquo;insubordination. Elles connurent les calomnies, les privations, la prison, l&rsquo;exil. Elles subirent les vexations polici\u00e8res, la vindicte des \u00e9v\u00eaques.<\/p>\n<p style=\"text-align: justify;\">Rien n&rsquo;y fit. Rien ne les fit fl\u00e9chir. Et si elles succomb\u00e8rent sous les coups de leurs puissants adversaires, elles triomph\u00e8rent n\u00e9anmoins, par-del\u00e0 l\u2019\u00e9chec et la mort. Jamais leur m\u00e9moire n\u2019a pu \u00eatre occult\u00e9e.<br \/>\nNi la pers\u00e9cution de Louis XIV, qui fit d\u00e9truire leur abbaye et disperser leurs cendres. Ni l\u2019obscurantisme de l\u2019\u00c9glise catholique, qui s\u2019emploie jusqu\u2019\u00e0 nos jours \u00e0 salir leur image : \u00ab Sept fois d\u00e9mones ! \u00bb s\u2019exclamait encore le pape Fran\u00e7ois en 2022, damnant en pleine curie, et sans craindre le ridicule, ces quelques femmes qui os\u00e8rent, il y a quatre si\u00e8cles, d\u00e9fier son magist\u00e8re.<\/p>\n<p style=\"text-align: justify;\"><strong>Le site : un portail universitaire\u00a0 consacrer \u00e0 l&rsquo;histoire litt\u00e9raire et artistique de Port-Royal<\/strong><br \/>\nC\u2019est \u00e0 la m\u00e9moire de ces femmes, et de ces hommes qui furent leurs alli\u00e9s, que ce site est consacr\u00e9. \u00ab\u00a0Port-Royal, entre ombres et lumi\u00e8res. Histoire, art et litt\u00e9rature dans la France du XVIIe si\u00e8cle\u00a0\u00bb est rattach\u00e9 au Coll\u00e8ge XVII\u2013XVIII du laboratoire C\u00c9R\u00c9dI (Centre de recherche \u00c9diter\u2013Interpr\u00e9ter, Universit\u00e9 de Rouen Normandie, UR 3229).<\/p>\n<p style=\"text-align: justify;\">Ce site constitue \u00e0 la fois une invitation \u00e0 d\u00e9couvrir la vie et les \u0153uvres des individus qui marqu\u00e8rent l\u2019histoire de Port-Royal, et un portail scientifique rassemblant les activit\u00e9s du laboratoire li\u00e9es \u00e0 ce foyer intellectuel. Les colloques et publications concernant la r\u00e9ception de Pascal et Racine depuis le XVIIe si\u00e8cle constituent la principale contribution du C\u00c9R\u00c9dI \u00e0 la connaissance de Port-Royal. Le centre soutient \u00e9galement des travaux sur la d\u00e9votion et l\u2019augustinisme moderne, qui accordent \u00e0 Port-Royal une place centrale.<\/p>\n<p style=\"text-align: justify;\">Une section Actualit\u00e9s recense les \u00e9v\u00e9nements et les publications r\u00e9centes autour de l\u2019abbaye, notamment dans ses dimensions litt\u00e9raire, artistique et philosophique.<\/p>\n","protected":false},"excerpt":{"rendered":"<p>Port-Royal, une m\u00e9moire vive Port-Royal n&rsquo;est pas seulement le nom d&rsquo;un abbaye de la Vall\u00e9e de Chevreuse: c\u2019est un symbole. Le monast\u00e8re, ras\u00e9 depuis plus de trois si\u00e8cles, continue de repr\u00e9senter le la dignit\u00e9 dans l&rsquo;adversit\u00e9,\u00a0 la fid\u00e9lit\u00e9 \u00e0 la conscience affirm\u00e9e contre la violence des pers\u00e9cuteurs, le refus obstin\u00e9 de toute compromission lorsque vacille &hellip; <a href=\"https:\/\/melancholia.fr\/portroyal\/\" class=\"more-link\">Continuer la lecture de <span class=\"screen-reader-text\">Port-Royal, l&rsquo;esprit de r\u00e9sistance<\/span>  <span class=\"meta-nav\">&rarr;<\/span><\/a><\/p>\n","protected":false},"author":1,"featured_media":0,"parent":0,"menu_order":0,"comment_status":"closed","ping_status":"closed","template":"","meta":{"footnotes":""},"class_list":["post-124","page","type-page","status-publish","hentry"],"_links":{"self":[{"href":"https:\/\/melancholia.fr\/portroyal\/wp-json\/wp\/v2\/pages\/124","targetHints":{"allow":["GET"]}}],"collection":[{"href":"https:\/\/melancholia.fr\/portroyal\/wp-json\/wp\/v2\/pages"}],"about":[{"href":"https:\/\/melancholia.fr\/portroyal\/wp-json\/wp\/v2\/types\/page"}],"author":[{"embeddable":true,"href":"https:\/\/melancholia.fr\/portroyal\/wp-json\/wp\/v2\/users\/1"}],"replies":[{"embeddable":true,"href":"https:\/\/melancholia.fr\/portroyal\/wp-json\/wp\/v2\/comments?post=124"}],"version-history":[{"count":25,"href":"https:\/\/melancholia.fr\/portroyal\/wp-json\/wp\/v2\/pages\/124\/revisions"}],"predecessor-version":[{"id":255,"href":"https:\/\/melancholia.fr\/portroyal\/wp-json\/wp\/v2\/pages\/124\/revisions\/255"}],"wp:attachment":[{"href":"https:\/\/melancholia.fr\/portroyal\/wp-json\/wp\/v2\/media?parent=124"}],"curies":[{"name":"wp","href":"https:\/\/api.w.org\/{rel}","templated":true}]}}