{"id":8,"date":"2022-09-11T17:42:45","date_gmt":"2022-09-11T15:42:45","guid":{"rendered":"https:\/\/melancholia.fr\/melusine\/?page_id=8"},"modified":"2022-09-14T22:55:24","modified_gmt":"2022-09-14T20:55:24","slug":"a-propos-de","status":"publish","type":"page","link":"https:\/\/melancholia.fr\/melusine\/a-propos-de\/","title":{"rendered":"\u00c0 propos de"},"content":{"rendered":"\r\n<p style=\"text-align: justify;\">Edition diplomatique et lin\u00e9aris\u00e9e de l&#8217;<em>Histoire de M\u00e9lusine<\/em> et de l&#8217;<em>Histoire de Geoffroy, <\/em>compos\u00e9es par Fran\u00e7ois Nodot et publi\u00e9es en 1698 et 1700. Edition procur\u00e9e par Tony Gheeraert, Professeur \u00e0 l&#8217;Universit\u00e9 de Rouen Normandie.<\/p>\r\n<p style=\"text-align: justify;\">Ce site, actuellement, en construction, accompagne la pr\u00e9paration d&#8217;une \u00e9dition de ces deux ouvrages \u00e0 para\u00eetre chez Honor\u00e9 Champion, dans une langue modernis\u00e9e, avec\u00a0 une introduction, des commentaires, des notes, des tableaux g\u00e9n\u00e9alogiques, des \u00e9l\u00e9ments sur la l\u00e9gende de M\u00e9lusine, etc., afin d&#8217;en faciliter la lecture. Nous esp\u00e9rons malgr\u00e9 tout que le pr\u00e9sent site, tel qu&#8217;il est, pourra \u00eatre utile et agr\u00e9able \u00e0 l&#8217;internaute de passage ici.<\/p>\r\n<p style=\"text-align: justify;\">Contact: tony.gheeraert [AT] univ-rouen.fr<\/p>\r\n<p><a href=\"https:\/\/i0.wp.com\/melancholia.fr\/melusine\/wp-content\/uploads\/2022\/09\/vignette.jpg?ssl=1\"><img loading=\"lazy\" decoding=\"async\" class=\"aligncenter wp-image-1170 size-medium\" src=\"https:\/\/i0.wp.com\/melancholia.fr\/melusine\/wp-content\/uploads\/2022\/09\/vignette.jpg?resize=300%2C99&#038;ssl=1\" alt=\"\" width=\"300\" height=\"99\" srcset=\"https:\/\/i0.wp.com\/melancholia.fr\/melusine\/wp-content\/uploads\/2022\/09\/vignette.jpg?resize=300%2C99&amp;ssl=1 300w, https:\/\/i0.wp.com\/melancholia.fr\/melusine\/wp-content\/uploads\/2022\/09\/vignette.jpg?w=553&amp;ssl=1 553w\" sizes=\"auto, (max-width: 300px) 100vw, 300px\" data-recalc-dims=\"1\" \/><\/a><\/p>\r\n","protected":false},"excerpt":{"rendered":"<p>Edition diplomatique et lin\u00e9aris\u00e9e de l&#8217;Histoire de M\u00e9lusine et de l&#8217;Histoire de Geoffroy, compos\u00e9es par Fran\u00e7ois Nodot et publi\u00e9es en 1698 et 1700. Edition procur\u00e9e par Tony Gheeraert, Professeur \u00e0 l&#8217;Universit\u00e9 de Rouen Normandie. Ce site, actuellement, en construction, accompagne la pr\u00e9paration d&#8217;une \u00e9dition de ces deux ouvrages \u00e0 para\u00eetre chez Honor\u00e9 Champion, dans une &hellip; <a href=\"https:\/\/melancholia.fr\/melusine\/a-propos-de\/\" class=\"more-link\">Continuer la lecture de <span class=\"screen-reader-text\">\u00c0 propos de<\/span> <span class=\"meta-nav\">&rarr;<\/span><\/a><\/p>\n","protected":false},"author":1,"featured_media":0,"parent":0,"menu_order":0,"comment_status":"closed","ping_status":"closed","template":"","meta":{"footnotes":""},"class_list":["post-8","page","type-page","status-publish","hentry"],"_links":{"self":[{"href":"https:\/\/melancholia.fr\/melusine\/wp-json\/wp\/v2\/pages\/8","targetHints":{"allow":["GET"]}}],"collection":[{"href":"https:\/\/melancholia.fr\/melusine\/wp-json\/wp\/v2\/pages"}],"about":[{"href":"https:\/\/melancholia.fr\/melusine\/wp-json\/wp\/v2\/types\/page"}],"author":[{"embeddable":true,"href":"https:\/\/melancholia.fr\/melusine\/wp-json\/wp\/v2\/users\/1"}],"replies":[{"embeddable":true,"href":"https:\/\/melancholia.fr\/melusine\/wp-json\/wp\/v2\/comments?post=8"}],"version-history":[{"count":8,"href":"https:\/\/melancholia.fr\/melusine\/wp-json\/wp\/v2\/pages\/8\/revisions"}],"predecessor-version":[{"id":1171,"href":"https:\/\/melancholia.fr\/melusine\/wp-json\/wp\/v2\/pages\/8\/revisions\/1171"}],"wp:attachment":[{"href":"https:\/\/melancholia.fr\/melusine\/wp-json\/wp\/v2\/media?parent=8"}],"curies":[{"name":"wp","href":"https:\/\/api.w.org\/{rel}","templated":true}]}}